{"id":5176,"date":"2022-12-14T16:49:58","date_gmt":"2022-12-14T15:49:58","guid":{"rendered":"https:\/\/helpstander.eu\/shop\/produkt\/elite-bomullsunderklader-for-man-2-par\/"},"modified":"2022-12-14T16:49:58","modified_gmt":"2022-12-14T15:49:58","slug":"elite-bomullsunderklader-for-man-2-par","status":"publish","type":"product","link":"https:\/\/helpstander.eu\/shop\/sv\/produkt\/elite-bomullsunderklader-for-man-2-par\/","title":{"rendered":"Elite bomullsunderkl\u00e4der f\u00f6r m\u00e4n 2 par"},"content":{"rendered":"<p>Din hud f\u00f6rtj\u00e4nar en elitbehandling. Ge henne underkl\u00e4der fr\u00e5n Elite-serien i present, tillverkade av<br \/>\nbomull av utm\u00e4rkt kvalitet, mjuk och med perfekt andningsf\u00f6rm\u00e5ga. Det klassiska, skr\u00e4ddarsydda<br \/>\nsnittet tilltalar alla m\u00e4n.<br \/>\nElite kalsonger finns i en m\u00e4ngd olika f\u00e4rger s\u00e5 att alla<br \/>\nmode\u00e4lskare kan hitta n\u00e5got som faller dem i smaken. Modellen \u00e4r dekorerad med synliga s\u00f6mmar som framh\u00e4ver den manliga silhuetten p\u00e5 ett<br \/>\nsp\u00e4nnande s\u00e4tt.<\/p>\n","protected":false},"excerpt":{"rendered":"<p>Din hud f\u00f6rtj\u00e4nar en elitbehandling. Ge henne underkl\u00e4der fr\u00e5n Elite-serien i present, tillverkade av bomull av utm\u00e4rkt kvalitet, mjuk och med perfekt andningsf\u00f6rm\u00e5ga. Det klassiska, skr\u00e4ddarsydda snittet tilltalar alla m\u00e4n. Elite kalsonger finns i en m\u00e4ngd olika f\u00e4rger s\u00e5 att alla mode\u00e4lskare kan hitta n\u00e5got som faller dem i smaken. Modellen \u00e4r dekorerad med synliga [&hellip;]<\/p>\n","protected":false},"featured_media":5178,"comment_status":"open","ping_status":"closed","template":"","meta":[],"product_brand":[],"product_cat":[147],"product_tag":[],"class_list":{"0":"post-5176","1":"product","2":"type-product","3":"status-publish","4":"has-post-thumbnail","6":"product_cat-underklader-for-man","8":"first","9":"outofstock","10":"taxable","11":"shipping-taxable","12":"purchasable","13":"product-type-woosg"},"yoast_head":"<!-- This site is optimized with the Yoast SEO plugin v27.1.1 - https:\/\/yoast.com\/product\/yoast-seo-wordpress\/ -->\n<title>Elite bomullsunderkl\u00e4der f\u00f6r m\u00e4n 2 par - Stander<\/title>\n<meta name=\"robots\" content=\"index, follow, max-snippet:-1, max-image-preview:large, max-video-preview:-1\" \/>\n<link rel=\"canonical\" href=\"https:\/\/helpstander.eu\/shop\/sv\/produkt\/elite-bomullsunderklader-for-man-2-par\/\" \/>\n<meta property=\"og:locale\" content=\"sv_SE\" \/>\n<meta property=\"og:type\" content=\"article\" \/>\n<meta property=\"og:title\" content=\"Elite bomullsunderkl\u00e4der f\u00f6r m\u00e4n 2 par - Stander\" \/>\n<meta property=\"og:description\" content=\"Din hud f\u00f6rtj\u00e4nar en elitbehandling. Ge henne underkl\u00e4der fr\u00e5n Elite-serien i present, tillverkade av bomull av utm\u00e4rkt kvalitet, mjuk och med perfekt andningsf\u00f6rm\u00e5ga. Det klassiska, skr\u00e4ddarsydda snittet tilltalar alla m\u00e4n. Elite kalsonger finns i en m\u00e4ngd olika f\u00e4rger s\u00e5 att alla mode\u00e4lskare kan hitta n\u00e5got som faller dem i smaken. Modellen \u00e4r dekorerad med synliga [&hellip;]\" \/>\n<meta property=\"og:url\" content=\"https:\/\/helpstander.eu\/shop\/sv\/produkt\/elite-bomullsunderklader-for-man-2-par\/\" \/>\n<meta property=\"og:site_name\" content=\"Stander\" \/>\n<meta property=\"og:image\" content=\"https:\/\/helpstander.eu\/shop\/wp-content\/uploads\/2022\/12\/Bielizna-meska-bawelniana-Elite-2-pary-BIALY.png\" \/>\n\t<meta property=\"og:image:width\" content=\"1000\" \/>\n\t<meta property=\"og:image:height\" content=\"1000\" \/>\n\t<meta property=\"og:image:type\" content=\"image\/png\" \/>\n<meta name=\"twitter:card\" content=\"summary_large_image\" \/>\n<script type=\"application\/ld+json\" class=\"yoast-schema-graph\">{\"@context\":\"https:\/\/schema.org\",\"@graph\":[{\"@type\":\"WebPage\",\"@id\":\"https:\/\/helpstander.eu\/shop\/sv\/produkt\/elite-bomullsunderklader-for-man-2-par\/\",\"url\":\"https:\/\/helpstander.eu\/shop\/sv\/produkt\/elite-bomullsunderklader-for-man-2-par\/\",\"name\":\"Elite bomullsunderkl\u00e4der f\u00f6r m\u00e4n 2 par - Stander\",\"isPartOf\":{\"@id\":\"https:\/\/helpstander.eu\/shop\/sv\/#website\"},\"primaryImageOfPage\":{\"@id\":\"https:\/\/helpstander.eu\/shop\/sv\/produkt\/elite-bomullsunderklader-for-man-2-par\/#primaryimage\"},\"image\":{\"@id\":\"https:\/\/helpstander.eu\/shop\/sv\/produkt\/elite-bomullsunderklader-for-man-2-par\/#primaryimage\"},\"thumbnailUrl\":\"https:\/\/helpstander.eu\/shop\/wp-content\/uploads\/2022\/12\/Bielizna-meska-bawelniana-Elite-2-pary-BIALY.png\",\"datePublished\":\"2022-12-14T15:49:58+00:00\",\"breadcrumb\":{\"@id\":\"https:\/\/helpstander.eu\/shop\/sv\/produkt\/elite-bomullsunderklader-for-man-2-par\/#breadcrumb\"},\"inLanguage\":\"sv-SE\",\"potentialAction\":[{\"@type\":\"ReadAction\",\"target\":[\"https:\/\/helpstander.eu\/shop\/sv\/produkt\/elite-bomullsunderklader-for-man-2-par\/\"]}]},{\"@type\":\"ImageObject\",\"inLanguage\":\"sv-SE\",\"@id\":\"https:\/\/helpstander.eu\/shop\/sv\/produkt\/elite-bomullsunderklader-for-man-2-par\/#primaryimage\",\"url\":\"https:\/\/helpstander.eu\/shop\/wp-content\/uploads\/2022\/12\/Bielizna-meska-bawelniana-Elite-2-pary-BIALY.png\",\"contentUrl\":\"https:\/\/helpstander.eu\/shop\/wp-content\/uploads\/2022\/12\/Bielizna-meska-bawelniana-Elite-2-pary-BIALY.png\",\"width\":1000,\"height\":1000},{\"@type\":\"BreadcrumbList\",\"@id\":\"https:\/\/helpstander.eu\/shop\/sv\/produkt\/elite-bomullsunderklader-for-man-2-par\/#breadcrumb\",\"itemListElement\":[{\"@type\":\"ListItem\",\"position\":1,\"name\":\"Strona g\u0142\u00f3wna\",\"item\":\"https:\/\/helpstander.eu\/shop\/sv\/sklep\/\"},{\"@type\":\"ListItem\",\"position\":2,\"name\":\"Sklep\",\"item\":\"https:\/\/helpstander.eu\/shop\/sklep\/\"},{\"@type\":\"ListItem\",\"position\":3,\"name\":\"Elite bomullsunderkl\u00e4der f\u00f6r m\u00e4n 2 par\"}]},{\"@type\":\"WebSite\",\"@id\":\"https:\/\/helpstander.eu\/shop\/sv\/#website\",\"url\":\"https:\/\/helpstander.eu\/shop\/sv\/\",\"name\":\"Stander\",\"description\":\"Ekologicznie!\",\"potentialAction\":[{\"@type\":\"SearchAction\",\"target\":{\"@type\":\"EntryPoint\",\"urlTemplate\":\"https:\/\/helpstander.eu\/shop\/sv\/?s={search_term_string}\"},\"query-input\":{\"@type\":\"PropertyValueSpecification\",\"valueRequired\":true,\"valueName\":\"search_term_string\"}}],\"inLanguage\":\"sv-SE\"}]}<\/script>\n<!-- \/ Yoast SEO plugin. -->","yoast_head_json":{"title":"Elite bomullsunderkl\u00e4der f\u00f6r m\u00e4n 2 par - Stander","robots":{"index":"index","follow":"follow","max-snippet":"max-snippet:-1","max-image-preview":"max-image-preview:large","max-video-preview":"max-video-preview:-1"},"canonical":"https:\/\/helpstander.eu\/shop\/sv\/produkt\/elite-bomullsunderklader-for-man-2-par\/","og_locale":"sv_SE","og_type":"article","og_title":"Elite bomullsunderkl\u00e4der f\u00f6r m\u00e4n 2 par - Stander","og_description":"Din hud f\u00f6rtj\u00e4nar en elitbehandling. Ge henne underkl\u00e4der fr\u00e5n Elite-serien i present, tillverkade av bomull av utm\u00e4rkt kvalitet, mjuk och med perfekt andningsf\u00f6rm\u00e5ga. Det klassiska, skr\u00e4ddarsydda snittet tilltalar alla m\u00e4n. Elite kalsonger finns i en m\u00e4ngd olika f\u00e4rger s\u00e5 att alla mode\u00e4lskare kan hitta n\u00e5got som faller dem i smaken. Modellen \u00e4r dekorerad med synliga [&hellip;]","og_url":"https:\/\/helpstander.eu\/shop\/sv\/produkt\/elite-bomullsunderklader-for-man-2-par\/","og_site_name":"Stander","og_image":[{"width":1000,"height":1000,"url":"https:\/\/helpstander.eu\/shop\/wp-content\/uploads\/2022\/12\/Bielizna-meska-bawelniana-Elite-2-pary-BIALY.png","type":"image\/png"}],"twitter_card":"summary_large_image","schema":{"@context":"https:\/\/schema.org","@graph":[{"@type":"WebPage","@id":"https:\/\/helpstander.eu\/shop\/sv\/produkt\/elite-bomullsunderklader-for-man-2-par\/","url":"https:\/\/helpstander.eu\/shop\/sv\/produkt\/elite-bomullsunderklader-for-man-2-par\/","name":"Elite bomullsunderkl\u00e4der f\u00f6r m\u00e4n 2 par - Stander","isPartOf":{"@id":"https:\/\/helpstander.eu\/shop\/sv\/#website"},"primaryImageOfPage":{"@id":"https:\/\/helpstander.eu\/shop\/sv\/produkt\/elite-bomullsunderklader-for-man-2-par\/#primaryimage"},"image":{"@id":"https:\/\/helpstander.eu\/shop\/sv\/produkt\/elite-bomullsunderklader-for-man-2-par\/#primaryimage"},"thumbnailUrl":"https:\/\/helpstander.eu\/shop\/wp-content\/uploads\/2022\/12\/Bielizna-meska-bawelniana-Elite-2-pary-BIALY.png","datePublished":"2022-12-14T15:49:58+00:00","breadcrumb":{"@id":"https:\/\/helpstander.eu\/shop\/sv\/produkt\/elite-bomullsunderklader-for-man-2-par\/#breadcrumb"},"inLanguage":"sv-SE","potentialAction":[{"@type":"ReadAction","target":["https:\/\/helpstander.eu\/shop\/sv\/produkt\/elite-bomullsunderklader-for-man-2-par\/"]}]},{"@type":"ImageObject","inLanguage":"sv-SE","@id":"https:\/\/helpstander.eu\/shop\/sv\/produkt\/elite-bomullsunderklader-for-man-2-par\/#primaryimage","url":"https:\/\/helpstander.eu\/shop\/wp-content\/uploads\/2022\/12\/Bielizna-meska-bawelniana-Elite-2-pary-BIALY.png","contentUrl":"https:\/\/helpstander.eu\/shop\/wp-content\/uploads\/2022\/12\/Bielizna-meska-bawelniana-Elite-2-pary-BIALY.png","width":1000,"height":1000},{"@type":"BreadcrumbList","@id":"https:\/\/helpstander.eu\/shop\/sv\/produkt\/elite-bomullsunderklader-for-man-2-par\/#breadcrumb","itemListElement":[{"@type":"ListItem","position":1,"name":"Strona g\u0142\u00f3wna","item":"https:\/\/helpstander.eu\/shop\/sv\/sklep\/"},{"@type":"ListItem","position":2,"name":"Sklep","item":"https:\/\/helpstander.eu\/shop\/sklep\/"},{"@type":"ListItem","position":3,"name":"Elite bomullsunderkl\u00e4der f\u00f6r m\u00e4n 2 par"}]},{"@type":"WebSite","@id":"https:\/\/helpstander.eu\/shop\/sv\/#website","url":"https:\/\/helpstander.eu\/shop\/sv\/","name":"Stander","description":"Ekologicznie!","potentialAction":[{"@type":"SearchAction","target":{"@type":"EntryPoint","urlTemplate":"https:\/\/helpstander.eu\/shop\/sv\/?s={search_term_string}"},"query-input":{"@type":"PropertyValueSpecification","valueRequired":true,"valueName":"search_term_string"}}],"inLanguage":"sv-SE"}]}},"_links":{"self":[{"href":"https:\/\/helpstander.eu\/shop\/sv\/wp-json\/wp\/v2\/product\/5176","targetHints":{"allow":["GET"]}}],"collection":[{"href":"https:\/\/helpstander.eu\/shop\/sv\/wp-json\/wp\/v2\/product"}],"about":[{"href":"https:\/\/helpstander.eu\/shop\/sv\/wp-json\/wp\/v2\/types\/product"}],"replies":[{"embeddable":true,"href":"https:\/\/helpstander.eu\/shop\/sv\/wp-json\/wp\/v2\/comments?post=5176"}],"wp:featuredmedia":[{"embeddable":true,"href":"https:\/\/helpstander.eu\/shop\/sv\/wp-json\/wp\/v2\/media\/5178"}],"wp:attachment":[{"href":"https:\/\/helpstander.eu\/shop\/sv\/wp-json\/wp\/v2\/media?parent=5176"}],"wp:term":[{"taxonomy":"product_brand","embeddable":true,"href":"https:\/\/helpstander.eu\/shop\/sv\/wp-json\/wp\/v2\/product_brand?post=5176"},{"taxonomy":"product_cat","embeddable":true,"href":"https:\/\/helpstander.eu\/shop\/sv\/wp-json\/wp\/v2\/product_cat?post=5176"},{"taxonomy":"product_tag","embeddable":true,"href":"https:\/\/helpstander.eu\/shop\/sv\/wp-json\/wp\/v2\/product_tag?post=5176"}],"curies":[{"name":"wp","href":"https:\/\/api.w.org\/{rel}","templated":true}]}}