{"id":5173,"date":"2022-12-16T00:53:44","date_gmt":"2022-12-15T23:53:44","guid":{"rendered":"https:\/\/helpstander.eu\/shop\/produkt\/bomullskalsonger-for-man-prestige-somlos-2-pack\/"},"modified":"2022-12-16T00:53:44","modified_gmt":"2022-12-15T23:53:44","slug":"bomullskalsonger-for-man-prestige-somlos-2-pack","status":"publish","type":"product","link":"https:\/\/helpstander.eu\/shop\/sv\/produkt\/bomullskalsonger-for-man-prestige-somlos-2-pack\/","title":{"rendered":"Bomullskalsonger f\u00f6r m\u00e4n Prestige s\u00f6ml\u00f6s 2-pack"},"content":{"rendered":"<p>Prestige s\u00f6ml\u00f6sa trosor tillverkas med hj\u00e4lp av modern teknik,<br \/>\nvilket m\u00f6jligg\u00f6r ett snitt som \u00e4r fritt fr\u00e5n kanter som hakar upp sig. Gl\u00f6m<br \/>\nirriterande stygn som reflekteras p\u00e5 huden. Prestige bomullskalsonger \u00e4r v\u00e5rt s\u00e4tt<br \/>\natt f\u00e5 dig att k\u00e4nna dig bekv\u00e4m.<br \/>\nBomull av h\u00f6g kvalitet s\u00e4kerst\u00e4ller att din hud f\u00e5r tillg\u00e5ng till luft, god fukttransport<br \/>\noch v\u00e4rmereglering. Detta g\u00f6r Prestige-kalsongerna perfekta f\u00f6r alla tider p\u00e5 \u00e5ret<br \/>\n.<\/p>\n","protected":false},"excerpt":{"rendered":"<p>Prestige s\u00f6ml\u00f6sa trosor tillverkas med hj\u00e4lp av modern teknik, vilket m\u00f6jligg\u00f6r ett snitt som \u00e4r fritt fr\u00e5n kanter som hakar upp sig. Gl\u00f6m irriterande stygn som reflekteras p\u00e5 huden. Prestige bomullskalsonger \u00e4r v\u00e5rt s\u00e4tt att f\u00e5 dig att k\u00e4nna dig bekv\u00e4m. Bomull av h\u00f6g kvalitet s\u00e4kerst\u00e4ller att din hud f\u00e5r tillg\u00e5ng till luft, god fukttransport [&hellip;]<\/p>\n","protected":false},"featured_media":5174,"comment_status":"open","ping_status":"closed","template":"","meta":[],"product_brand":[],"product_cat":[147],"product_tag":[],"class_list":{"0":"post-5173","1":"product","2":"type-product","3":"status-publish","4":"has-post-thumbnail","6":"product_cat-underklader-for-man","8":"first","9":"instock","10":"taxable","11":"shipping-taxable","12":"purchasable","13":"product-type-woosg"},"yoast_head":"<!-- This site is optimized with the Yoast SEO plugin v27.1.1 - https:\/\/yoast.com\/product\/yoast-seo-wordpress\/ -->\n<title>Bomullskalsonger f\u00f6r m\u00e4n Prestige s\u00f6ml\u00f6s 2-pack - Stander<\/title>\n<meta name=\"robots\" content=\"index, follow, max-snippet:-1, max-image-preview:large, max-video-preview:-1\" \/>\n<link rel=\"canonical\" href=\"https:\/\/helpstander.eu\/shop\/sv\/produkt\/bomullskalsonger-for-man-prestige-somlos-2-pack\/\" \/>\n<meta property=\"og:locale\" content=\"sv_SE\" \/>\n<meta property=\"og:type\" content=\"article\" \/>\n<meta property=\"og:title\" content=\"Bomullskalsonger f\u00f6r m\u00e4n Prestige s\u00f6ml\u00f6s 2-pack - Stander\" \/>\n<meta property=\"og:description\" content=\"Prestige s\u00f6ml\u00f6sa trosor tillverkas med hj\u00e4lp av modern teknik, vilket m\u00f6jligg\u00f6r ett snitt som \u00e4r fritt fr\u00e5n kanter som hakar upp sig. Gl\u00f6m irriterande stygn som reflekteras p\u00e5 huden. Prestige bomullskalsonger \u00e4r v\u00e5rt s\u00e4tt att f\u00e5 dig att k\u00e4nna dig bekv\u00e4m. Bomull av h\u00f6g kvalitet s\u00e4kerst\u00e4ller att din hud f\u00e5r tillg\u00e5ng till luft, god fukttransport [&hellip;]\" \/>\n<meta property=\"og:url\" content=\"https:\/\/helpstander.eu\/shop\/sv\/produkt\/bomullskalsonger-for-man-prestige-somlos-2-pack\/\" \/>\n<meta property=\"og:site_name\" content=\"Stander\" \/>\n<meta property=\"og:image\" content=\"https:\/\/helpstander.eu\/shop\/wp-content\/uploads\/2022\/12\/Bielizna-meska-bawelniana-Prestige-bezszwowe-2-pary-NIEBIESKI.png\" \/>\n\t<meta property=\"og:image:width\" content=\"1000\" \/>\n\t<meta property=\"og:image:height\" content=\"1000\" \/>\n\t<meta property=\"og:image:type\" content=\"image\/png\" \/>\n<meta name=\"twitter:card\" content=\"summary_large_image\" \/>\n<script type=\"application\/ld+json\" class=\"yoast-schema-graph\">{\"@context\":\"https:\/\/schema.org\",\"@graph\":[{\"@type\":\"WebPage\",\"@id\":\"https:\/\/helpstander.eu\/shop\/sv\/produkt\/bomullskalsonger-for-man-prestige-somlos-2-pack\/\",\"url\":\"https:\/\/helpstander.eu\/shop\/sv\/produkt\/bomullskalsonger-for-man-prestige-somlos-2-pack\/\",\"name\":\"Bomullskalsonger f\u00f6r m\u00e4n Prestige s\u00f6ml\u00f6s 2-pack - Stander\",\"isPartOf\":{\"@id\":\"https:\/\/helpstander.eu\/shop\/sv\/#website\"},\"primaryImageOfPage\":{\"@id\":\"https:\/\/helpstander.eu\/shop\/sv\/produkt\/bomullskalsonger-for-man-prestige-somlos-2-pack\/#primaryimage\"},\"image\":{\"@id\":\"https:\/\/helpstander.eu\/shop\/sv\/produkt\/bomullskalsonger-for-man-prestige-somlos-2-pack\/#primaryimage\"},\"thumbnailUrl\":\"https:\/\/helpstander.eu\/shop\/wp-content\/uploads\/2022\/12\/Bielizna-meska-bawelniana-Prestige-bezszwowe-2-pary-NIEBIESKI.png\",\"datePublished\":\"2022-12-15T23:53:44+00:00\",\"breadcrumb\":{\"@id\":\"https:\/\/helpstander.eu\/shop\/sv\/produkt\/bomullskalsonger-for-man-prestige-somlos-2-pack\/#breadcrumb\"},\"inLanguage\":\"sv-SE\",\"potentialAction\":[{\"@type\":\"ReadAction\",\"target\":[\"https:\/\/helpstander.eu\/shop\/sv\/produkt\/bomullskalsonger-for-man-prestige-somlos-2-pack\/\"]}]},{\"@type\":\"ImageObject\",\"inLanguage\":\"sv-SE\",\"@id\":\"https:\/\/helpstander.eu\/shop\/sv\/produkt\/bomullskalsonger-for-man-prestige-somlos-2-pack\/#primaryimage\",\"url\":\"https:\/\/helpstander.eu\/shop\/wp-content\/uploads\/2022\/12\/Bielizna-meska-bawelniana-Prestige-bezszwowe-2-pary-NIEBIESKI.png\",\"contentUrl\":\"https:\/\/helpstander.eu\/shop\/wp-content\/uploads\/2022\/12\/Bielizna-meska-bawelniana-Prestige-bezszwowe-2-pary-NIEBIESKI.png\",\"width\":1000,\"height\":1000},{\"@type\":\"BreadcrumbList\",\"@id\":\"https:\/\/helpstander.eu\/shop\/sv\/produkt\/bomullskalsonger-for-man-prestige-somlos-2-pack\/#breadcrumb\",\"itemListElement\":[{\"@type\":\"ListItem\",\"position\":1,\"name\":\"Strona g\u0142\u00f3wna\",\"item\":\"https:\/\/helpstander.eu\/shop\/sv\/sklep\/\"},{\"@type\":\"ListItem\",\"position\":2,\"name\":\"Sklep\",\"item\":\"https:\/\/helpstander.eu\/shop\/sklep\/\"},{\"@type\":\"ListItem\",\"position\":3,\"name\":\"Bomullskalsonger f\u00f6r m\u00e4n Prestige s\u00f6ml\u00f6s 2-pack\"}]},{\"@type\":\"WebSite\",\"@id\":\"https:\/\/helpstander.eu\/shop\/sv\/#website\",\"url\":\"https:\/\/helpstander.eu\/shop\/sv\/\",\"name\":\"Stander\",\"description\":\"Ekologicznie!\",\"potentialAction\":[{\"@type\":\"SearchAction\",\"target\":{\"@type\":\"EntryPoint\",\"urlTemplate\":\"https:\/\/helpstander.eu\/shop\/sv\/?s={search_term_string}\"},\"query-input\":{\"@type\":\"PropertyValueSpecification\",\"valueRequired\":true,\"valueName\":\"search_term_string\"}}],\"inLanguage\":\"sv-SE\"}]}<\/script>\n<!-- \/ Yoast SEO plugin. -->","yoast_head_json":{"title":"Bomullskalsonger f\u00f6r m\u00e4n Prestige s\u00f6ml\u00f6s 2-pack - Stander","robots":{"index":"index","follow":"follow","max-snippet":"max-snippet:-1","max-image-preview":"max-image-preview:large","max-video-preview":"max-video-preview:-1"},"canonical":"https:\/\/helpstander.eu\/shop\/sv\/produkt\/bomullskalsonger-for-man-prestige-somlos-2-pack\/","og_locale":"sv_SE","og_type":"article","og_title":"Bomullskalsonger f\u00f6r m\u00e4n Prestige s\u00f6ml\u00f6s 2-pack - Stander","og_description":"Prestige s\u00f6ml\u00f6sa trosor tillverkas med hj\u00e4lp av modern teknik, vilket m\u00f6jligg\u00f6r ett snitt som \u00e4r fritt fr\u00e5n kanter som hakar upp sig. Gl\u00f6m irriterande stygn som reflekteras p\u00e5 huden. Prestige bomullskalsonger \u00e4r v\u00e5rt s\u00e4tt att f\u00e5 dig att k\u00e4nna dig bekv\u00e4m. Bomull av h\u00f6g kvalitet s\u00e4kerst\u00e4ller att din hud f\u00e5r tillg\u00e5ng till luft, god fukttransport [&hellip;]","og_url":"https:\/\/helpstander.eu\/shop\/sv\/produkt\/bomullskalsonger-for-man-prestige-somlos-2-pack\/","og_site_name":"Stander","og_image":[{"width":1000,"height":1000,"url":"https:\/\/helpstander.eu\/shop\/wp-content\/uploads\/2022\/12\/Bielizna-meska-bawelniana-Prestige-bezszwowe-2-pary-NIEBIESKI.png","type":"image\/png"}],"twitter_card":"summary_large_image","schema":{"@context":"https:\/\/schema.org","@graph":[{"@type":"WebPage","@id":"https:\/\/helpstander.eu\/shop\/sv\/produkt\/bomullskalsonger-for-man-prestige-somlos-2-pack\/","url":"https:\/\/helpstander.eu\/shop\/sv\/produkt\/bomullskalsonger-for-man-prestige-somlos-2-pack\/","name":"Bomullskalsonger f\u00f6r m\u00e4n Prestige s\u00f6ml\u00f6s 2-pack - Stander","isPartOf":{"@id":"https:\/\/helpstander.eu\/shop\/sv\/#website"},"primaryImageOfPage":{"@id":"https:\/\/helpstander.eu\/shop\/sv\/produkt\/bomullskalsonger-for-man-prestige-somlos-2-pack\/#primaryimage"},"image":{"@id":"https:\/\/helpstander.eu\/shop\/sv\/produkt\/bomullskalsonger-for-man-prestige-somlos-2-pack\/#primaryimage"},"thumbnailUrl":"https:\/\/helpstander.eu\/shop\/wp-content\/uploads\/2022\/12\/Bielizna-meska-bawelniana-Prestige-bezszwowe-2-pary-NIEBIESKI.png","datePublished":"2022-12-15T23:53:44+00:00","breadcrumb":{"@id":"https:\/\/helpstander.eu\/shop\/sv\/produkt\/bomullskalsonger-for-man-prestige-somlos-2-pack\/#breadcrumb"},"inLanguage":"sv-SE","potentialAction":[{"@type":"ReadAction","target":["https:\/\/helpstander.eu\/shop\/sv\/produkt\/bomullskalsonger-for-man-prestige-somlos-2-pack\/"]}]},{"@type":"ImageObject","inLanguage":"sv-SE","@id":"https:\/\/helpstander.eu\/shop\/sv\/produkt\/bomullskalsonger-for-man-prestige-somlos-2-pack\/#primaryimage","url":"https:\/\/helpstander.eu\/shop\/wp-content\/uploads\/2022\/12\/Bielizna-meska-bawelniana-Prestige-bezszwowe-2-pary-NIEBIESKI.png","contentUrl":"https:\/\/helpstander.eu\/shop\/wp-content\/uploads\/2022\/12\/Bielizna-meska-bawelniana-Prestige-bezszwowe-2-pary-NIEBIESKI.png","width":1000,"height":1000},{"@type":"BreadcrumbList","@id":"https:\/\/helpstander.eu\/shop\/sv\/produkt\/bomullskalsonger-for-man-prestige-somlos-2-pack\/#breadcrumb","itemListElement":[{"@type":"ListItem","position":1,"name":"Strona g\u0142\u00f3wna","item":"https:\/\/helpstander.eu\/shop\/sv\/sklep\/"},{"@type":"ListItem","position":2,"name":"Sklep","item":"https:\/\/helpstander.eu\/shop\/sklep\/"},{"@type":"ListItem","position":3,"name":"Bomullskalsonger f\u00f6r m\u00e4n Prestige s\u00f6ml\u00f6s 2-pack"}]},{"@type":"WebSite","@id":"https:\/\/helpstander.eu\/shop\/sv\/#website","url":"https:\/\/helpstander.eu\/shop\/sv\/","name":"Stander","description":"Ekologicznie!","potentialAction":[{"@type":"SearchAction","target":{"@type":"EntryPoint","urlTemplate":"https:\/\/helpstander.eu\/shop\/sv\/?s={search_term_string}"},"query-input":{"@type":"PropertyValueSpecification","valueRequired":true,"valueName":"search_term_string"}}],"inLanguage":"sv-SE"}]}},"_links":{"self":[{"href":"https:\/\/helpstander.eu\/shop\/sv\/wp-json\/wp\/v2\/product\/5173","targetHints":{"allow":["GET"]}}],"collection":[{"href":"https:\/\/helpstander.eu\/shop\/sv\/wp-json\/wp\/v2\/product"}],"about":[{"href":"https:\/\/helpstander.eu\/shop\/sv\/wp-json\/wp\/v2\/types\/product"}],"replies":[{"embeddable":true,"href":"https:\/\/helpstander.eu\/shop\/sv\/wp-json\/wp\/v2\/comments?post=5173"}],"wp:featuredmedia":[{"embeddable":true,"href":"https:\/\/helpstander.eu\/shop\/sv\/wp-json\/wp\/v2\/media\/5174"}],"wp:attachment":[{"href":"https:\/\/helpstander.eu\/shop\/sv\/wp-json\/wp\/v2\/media?parent=5173"}],"wp:term":[{"taxonomy":"product_brand","embeddable":true,"href":"https:\/\/helpstander.eu\/shop\/sv\/wp-json\/wp\/v2\/product_brand?post=5173"},{"taxonomy":"product_cat","embeddable":true,"href":"https:\/\/helpstander.eu\/shop\/sv\/wp-json\/wp\/v2\/product_cat?post=5173"},{"taxonomy":"product_tag","embeddable":true,"href":"https:\/\/helpstander.eu\/shop\/sv\/wp-json\/wp\/v2\/product_tag?post=5173"}],"curies":[{"name":"wp","href":"https:\/\/api.w.org\/{rel}","templated":true}]}}