{"id":5102,"date":"2022-10-17T09:29:47","date_gmt":"2022-10-17T07:29:47","guid":{"rendered":"https:\/\/helpstander.eu\/shop\/produkt\/bomullsunderklader-for-man-prestige\/"},"modified":"2022-10-17T09:29:47","modified_gmt":"2022-10-17T07:29:47","slug":"bomullsunderklader-for-man-prestige","status":"publish","type":"product","link":"https:\/\/helpstander.eu\/shop\/sv\/produkt\/bomullsunderklader-for-man-prestige\/","title":{"rendered":"Bomullsunderkl\u00e4der f\u00f6r m\u00e4n Prestige"},"content":{"rendered":"<p>Prestige herrunderkl\u00e4der \u00e4r den perfekta kombinationen av ett modernt snitt, \u00e4lskat av m\u00e4n, med<br \/>\nidealisk materialkomposition. Den hudmjuka bomullen ger tillg\u00e5ng till luft<br \/>\noch god fukttransport, medan den \u00e5tsittande passformen garanterar frihet i alla situationer.<br \/>\nDenna klassiska underkl\u00e4desmodell kommer att uppfylla f\u00f6rv\u00e4ntningarna hos m\u00e4n som f\u00f6redrar b\u00e5de sportig,<br \/>\noch elegant stil. V\u00e4lj din f\u00e4rgvariant och njut av komfort oavsett<br \/>\nomst\u00e4ndigheter.  <\/p>\n","protected":false},"excerpt":{"rendered":"<p>Prestige herrunderkl\u00e4der \u00e4r den perfekta kombinationen av ett modernt snitt, \u00e4lskat av m\u00e4n, med idealisk materialkomposition. Den hudmjuka bomullen ger tillg\u00e5ng till luft och god fukttransport, medan den \u00e5tsittande passformen garanterar frihet i alla situationer. Denna klassiska underkl\u00e4desmodell kommer att uppfylla f\u00f6rv\u00e4ntningarna hos m\u00e4n som f\u00f6redrar b\u00e5de sportig, och elegant stil. V\u00e4lj din f\u00e4rgvariant och [&hellip;]<\/p>\n","protected":false},"featured_media":5111,"comment_status":"open","ping_status":"closed","template":"","meta":[],"product_brand":[],"product_cat":[147],"product_tag":[],"class_list":{"0":"post-5102","1":"product","2":"type-product","3":"status-publish","4":"has-post-thumbnail","6":"product_cat-underklader-for-man","8":"first","9":"outofstock","10":"taxable","11":"shipping-taxable","12":"purchasable","13":"product-type-variable","14":"has-default-attributes"},"yoast_head":"<!-- This site is optimized with the Yoast SEO plugin v27.1.1 - https:\/\/yoast.com\/product\/yoast-seo-wordpress\/ -->\n<title>Bomullsunderkl\u00e4der f\u00f6r m\u00e4n Prestige - Stander<\/title>\n<meta name=\"robots\" content=\"index, follow, max-snippet:-1, max-image-preview:large, max-video-preview:-1\" \/>\n<link rel=\"canonical\" href=\"https:\/\/helpstander.eu\/shop\/sv\/produkt\/bomullsunderklader-for-man-prestige\/\" \/>\n<meta property=\"og:locale\" content=\"sv_SE\" \/>\n<meta property=\"og:type\" content=\"article\" \/>\n<meta property=\"og:title\" content=\"Bomullsunderkl\u00e4der f\u00f6r m\u00e4n Prestige - Stander\" \/>\n<meta property=\"og:description\" content=\"Prestige herrunderkl\u00e4der \u00e4r den perfekta kombinationen av ett modernt snitt, \u00e4lskat av m\u00e4n, med idealisk materialkomposition. Den hudmjuka bomullen ger tillg\u00e5ng till luft och god fukttransport, medan den \u00e5tsittande passformen garanterar frihet i alla situationer. Denna klassiska underkl\u00e4desmodell kommer att uppfylla f\u00f6rv\u00e4ntningarna hos m\u00e4n som f\u00f6redrar b\u00e5de sportig, och elegant stil. V\u00e4lj din f\u00e4rgvariant och [&hellip;]\" \/>\n<meta property=\"og:url\" content=\"https:\/\/helpstander.eu\/shop\/sv\/produkt\/bomullsunderklader-for-man-prestige\/\" \/>\n<meta property=\"og:site_name\" content=\"Stander\" \/>\n<meta property=\"og:image\" content=\"https:\/\/helpstander.eu\/shop\/wp-content\/uploads\/2022\/12\/bielizna_meska_bawelna_prestige_czarna_1.jpg\" \/>\n\t<meta property=\"og:image:width\" content=\"1000\" \/>\n\t<meta property=\"og:image:height\" content=\"1000\" \/>\n\t<meta property=\"og:image:type\" content=\"image\/jpeg\" \/>\n<meta name=\"twitter:card\" content=\"summary_large_image\" \/>\n<script type=\"application\/ld+json\" class=\"yoast-schema-graph\">{\"@context\":\"https:\/\/schema.org\",\"@graph\":[{\"@type\":\"WebPage\",\"@id\":\"https:\/\/helpstander.eu\/shop\/sv\/produkt\/bomullsunderklader-for-man-prestige\/\",\"url\":\"https:\/\/helpstander.eu\/shop\/sv\/produkt\/bomullsunderklader-for-man-prestige\/\",\"name\":\"Bomullsunderkl\u00e4der f\u00f6r m\u00e4n Prestige - Stander\",\"isPartOf\":{\"@id\":\"https:\/\/helpstander.eu\/shop\/sv\/#website\"},\"primaryImageOfPage\":{\"@id\":\"https:\/\/helpstander.eu\/shop\/sv\/produkt\/bomullsunderklader-for-man-prestige\/#primaryimage\"},\"image\":{\"@id\":\"https:\/\/helpstander.eu\/shop\/sv\/produkt\/bomullsunderklader-for-man-prestige\/#primaryimage\"},\"thumbnailUrl\":\"https:\/\/helpstander.eu\/shop\/wp-content\/uploads\/2022\/12\/bielizna_meska_bawelna_prestige_czarna_1.jpg\",\"datePublished\":\"2022-10-17T07:29:47+00:00\",\"breadcrumb\":{\"@id\":\"https:\/\/helpstander.eu\/shop\/sv\/produkt\/bomullsunderklader-for-man-prestige\/#breadcrumb\"},\"inLanguage\":\"sv-SE\",\"potentialAction\":[{\"@type\":\"ReadAction\",\"target\":[\"https:\/\/helpstander.eu\/shop\/sv\/produkt\/bomullsunderklader-for-man-prestige\/\"]}]},{\"@type\":\"ImageObject\",\"inLanguage\":\"sv-SE\",\"@id\":\"https:\/\/helpstander.eu\/shop\/sv\/produkt\/bomullsunderklader-for-man-prestige\/#primaryimage\",\"url\":\"https:\/\/helpstander.eu\/shop\/wp-content\/uploads\/2022\/12\/bielizna_meska_bawelna_prestige_czarna_1.jpg\",\"contentUrl\":\"https:\/\/helpstander.eu\/shop\/wp-content\/uploads\/2022\/12\/bielizna_meska_bawelna_prestige_czarna_1.jpg\",\"width\":1000,\"height\":1000},{\"@type\":\"BreadcrumbList\",\"@id\":\"https:\/\/helpstander.eu\/shop\/sv\/produkt\/bomullsunderklader-for-man-prestige\/#breadcrumb\",\"itemListElement\":[{\"@type\":\"ListItem\",\"position\":1,\"name\":\"Strona g\u0142\u00f3wna\",\"item\":\"https:\/\/helpstander.eu\/shop\/sv\/sklep\/\"},{\"@type\":\"ListItem\",\"position\":2,\"name\":\"Sklep\",\"item\":\"https:\/\/helpstander.eu\/shop\/sklep\/\"},{\"@type\":\"ListItem\",\"position\":3,\"name\":\"Bomullsunderkl\u00e4der f\u00f6r m\u00e4n Prestige\"}]},{\"@type\":\"WebSite\",\"@id\":\"https:\/\/helpstander.eu\/shop\/sv\/#website\",\"url\":\"https:\/\/helpstander.eu\/shop\/sv\/\",\"name\":\"Stander\",\"description\":\"Ekologicznie!\",\"potentialAction\":[{\"@type\":\"SearchAction\",\"target\":{\"@type\":\"EntryPoint\",\"urlTemplate\":\"https:\/\/helpstander.eu\/shop\/sv\/?s={search_term_string}\"},\"query-input\":{\"@type\":\"PropertyValueSpecification\",\"valueRequired\":true,\"valueName\":\"search_term_string\"}}],\"inLanguage\":\"sv-SE\"}]}<\/script>\n<!-- \/ Yoast SEO plugin. -->","yoast_head_json":{"title":"Bomullsunderkl\u00e4der f\u00f6r m\u00e4n Prestige - Stander","robots":{"index":"index","follow":"follow","max-snippet":"max-snippet:-1","max-image-preview":"max-image-preview:large","max-video-preview":"max-video-preview:-1"},"canonical":"https:\/\/helpstander.eu\/shop\/sv\/produkt\/bomullsunderklader-for-man-prestige\/","og_locale":"sv_SE","og_type":"article","og_title":"Bomullsunderkl\u00e4der f\u00f6r m\u00e4n Prestige - Stander","og_description":"Prestige herrunderkl\u00e4der \u00e4r den perfekta kombinationen av ett modernt snitt, \u00e4lskat av m\u00e4n, med idealisk materialkomposition. Den hudmjuka bomullen ger tillg\u00e5ng till luft och god fukttransport, medan den \u00e5tsittande passformen garanterar frihet i alla situationer. Denna klassiska underkl\u00e4desmodell kommer att uppfylla f\u00f6rv\u00e4ntningarna hos m\u00e4n som f\u00f6redrar b\u00e5de sportig, och elegant stil. V\u00e4lj din f\u00e4rgvariant och [&hellip;]","og_url":"https:\/\/helpstander.eu\/shop\/sv\/produkt\/bomullsunderklader-for-man-prestige\/","og_site_name":"Stander","og_image":[{"width":1000,"height":1000,"url":"https:\/\/helpstander.eu\/shop\/wp-content\/uploads\/2022\/12\/bielizna_meska_bawelna_prestige_czarna_1.jpg","type":"image\/jpeg"}],"twitter_card":"summary_large_image","schema":{"@context":"https:\/\/schema.org","@graph":[{"@type":"WebPage","@id":"https:\/\/helpstander.eu\/shop\/sv\/produkt\/bomullsunderklader-for-man-prestige\/","url":"https:\/\/helpstander.eu\/shop\/sv\/produkt\/bomullsunderklader-for-man-prestige\/","name":"Bomullsunderkl\u00e4der f\u00f6r m\u00e4n Prestige - Stander","isPartOf":{"@id":"https:\/\/helpstander.eu\/shop\/sv\/#website"},"primaryImageOfPage":{"@id":"https:\/\/helpstander.eu\/shop\/sv\/produkt\/bomullsunderklader-for-man-prestige\/#primaryimage"},"image":{"@id":"https:\/\/helpstander.eu\/shop\/sv\/produkt\/bomullsunderklader-for-man-prestige\/#primaryimage"},"thumbnailUrl":"https:\/\/helpstander.eu\/shop\/wp-content\/uploads\/2022\/12\/bielizna_meska_bawelna_prestige_czarna_1.jpg","datePublished":"2022-10-17T07:29:47+00:00","breadcrumb":{"@id":"https:\/\/helpstander.eu\/shop\/sv\/produkt\/bomullsunderklader-for-man-prestige\/#breadcrumb"},"inLanguage":"sv-SE","potentialAction":[{"@type":"ReadAction","target":["https:\/\/helpstander.eu\/shop\/sv\/produkt\/bomullsunderklader-for-man-prestige\/"]}]},{"@type":"ImageObject","inLanguage":"sv-SE","@id":"https:\/\/helpstander.eu\/shop\/sv\/produkt\/bomullsunderklader-for-man-prestige\/#primaryimage","url":"https:\/\/helpstander.eu\/shop\/wp-content\/uploads\/2022\/12\/bielizna_meska_bawelna_prestige_czarna_1.jpg","contentUrl":"https:\/\/helpstander.eu\/shop\/wp-content\/uploads\/2022\/12\/bielizna_meska_bawelna_prestige_czarna_1.jpg","width":1000,"height":1000},{"@type":"BreadcrumbList","@id":"https:\/\/helpstander.eu\/shop\/sv\/produkt\/bomullsunderklader-for-man-prestige\/#breadcrumb","itemListElement":[{"@type":"ListItem","position":1,"name":"Strona g\u0142\u00f3wna","item":"https:\/\/helpstander.eu\/shop\/sv\/sklep\/"},{"@type":"ListItem","position":2,"name":"Sklep","item":"https:\/\/helpstander.eu\/shop\/sklep\/"},{"@type":"ListItem","position":3,"name":"Bomullsunderkl\u00e4der f\u00f6r m\u00e4n Prestige"}]},{"@type":"WebSite","@id":"https:\/\/helpstander.eu\/shop\/sv\/#website","url":"https:\/\/helpstander.eu\/shop\/sv\/","name":"Stander","description":"Ekologicznie!","potentialAction":[{"@type":"SearchAction","target":{"@type":"EntryPoint","urlTemplate":"https:\/\/helpstander.eu\/shop\/sv\/?s={search_term_string}"},"query-input":{"@type":"PropertyValueSpecification","valueRequired":true,"valueName":"search_term_string"}}],"inLanguage":"sv-SE"}]}},"_links":{"self":[{"href":"https:\/\/helpstander.eu\/shop\/sv\/wp-json\/wp\/v2\/product\/5102","targetHints":{"allow":["GET"]}}],"collection":[{"href":"https:\/\/helpstander.eu\/shop\/sv\/wp-json\/wp\/v2\/product"}],"about":[{"href":"https:\/\/helpstander.eu\/shop\/sv\/wp-json\/wp\/v2\/types\/product"}],"replies":[{"embeddable":true,"href":"https:\/\/helpstander.eu\/shop\/sv\/wp-json\/wp\/v2\/comments?post=5102"}],"wp:featuredmedia":[{"embeddable":true,"href":"https:\/\/helpstander.eu\/shop\/sv\/wp-json\/wp\/v2\/media\/5111"}],"wp:attachment":[{"href":"https:\/\/helpstander.eu\/shop\/sv\/wp-json\/wp\/v2\/media?parent=5102"}],"wp:term":[{"taxonomy":"product_brand","embeddable":true,"href":"https:\/\/helpstander.eu\/shop\/sv\/wp-json\/wp\/v2\/product_brand?post=5102"},{"taxonomy":"product_cat","embeddable":true,"href":"https:\/\/helpstander.eu\/shop\/sv\/wp-json\/wp\/v2\/product_cat?post=5102"},{"taxonomy":"product_tag","embeddable":true,"href":"https:\/\/helpstander.eu\/shop\/sv\/wp-json\/wp\/v2\/product_tag?post=5102"}],"curies":[{"name":"wp","href":"https:\/\/api.w.org\/{rel}","templated":true}]}}