{"id":5092,"date":"2022-10-17T09:26:20","date_gmt":"2022-10-17T07:26:20","guid":{"rendered":"https:\/\/helpstander.eu\/shop\/produkt\/bambuunderklader-for-man-stander\/"},"modified":"2022-10-17T09:26:20","modified_gmt":"2022-10-17T07:26:20","slug":"bambuunderklader-for-man-stander","status":"publish","type":"product","link":"https:\/\/helpstander.eu\/shop\/sv\/produkt\/bambuunderklader-for-man-stander\/","title":{"rendered":"Bambuunderkl\u00e4der f\u00f6r m\u00e4n Stander"},"content":{"rendered":"<p>Komfort, stil och funktionalitet &#8211; allt detta kommer att erbjudas av bambuunderkl\u00e4der f\u00f6r m\u00e4n. Modellen<br \/>\nStander \u00e4r till f\u00f6r herrar som uppskattar praktiska l\u00f6sningar. Figursydda boxershorts<br \/>\ngaranterar en fullst\u00e4ndig frihetsk\u00e4nsla och passar bra med olika delar av<br \/>\ngarderob.<br \/>\nBambuunderkl\u00e4der \u00e4r en h\u00e4lsosam g\u00e5va till din hud: den andas perfekt, v\u00e4l<br \/>\ntransporterar bort fukt och f\u00f6rhindrar multiplicering av farliga bakterier. Du kan vara s\u00e4ker p\u00e5<br \/>\natt du kommer att njuta av fullst\u00e4ndig komfort i Standers kalsonger. V\u00e4lj din<br \/>\n-variant fr\u00e5n en rad olika f\u00e4rgalternativ.<\/p>\n","protected":false},"excerpt":{"rendered":"<p>Komfort, stil och funktionalitet &#8211; allt detta kommer att erbjudas av bambuunderkl\u00e4der f\u00f6r m\u00e4n. Modellen Stander \u00e4r till f\u00f6r herrar som uppskattar praktiska l\u00f6sningar. Figursydda boxershorts garanterar en fullst\u00e4ndig frihetsk\u00e4nsla och passar bra med olika delar av garderob. Bambuunderkl\u00e4der \u00e4r en h\u00e4lsosam g\u00e5va till din hud: den andas perfekt, v\u00e4l transporterar bort fukt och f\u00f6rhindrar [&hellip;]<\/p>\n","protected":false},"featured_media":5093,"comment_status":"open","ping_status":"closed","template":"","meta":[],"product_brand":[],"product_cat":[147],"product_tag":[],"class_list":{"0":"post-5092","1":"product","2":"type-product","3":"status-publish","4":"has-post-thumbnail","6":"product_cat-underklader-for-man","8":"first","9":"instock","10":"taxable","11":"shipping-taxable","12":"purchasable","13":"product-type-variable","14":"has-default-attributes"},"yoast_head":"<!-- This site is optimized with the Yoast SEO plugin v27.1.1 - https:\/\/yoast.com\/product\/yoast-seo-wordpress\/ -->\n<title>Bambuunderkl\u00e4der f\u00f6r m\u00e4n Stander - Stander<\/title>\n<meta name=\"robots\" content=\"index, follow, max-snippet:-1, max-image-preview:large, max-video-preview:-1\" \/>\n<link rel=\"canonical\" href=\"https:\/\/helpstander.eu\/shop\/sv\/produkt\/bambuunderklader-for-man-stander\/\" \/>\n<meta property=\"og:locale\" content=\"sv_SE\" \/>\n<meta property=\"og:type\" content=\"article\" \/>\n<meta property=\"og:title\" content=\"Bambuunderkl\u00e4der f\u00f6r m\u00e4n Stander - Stander\" \/>\n<meta property=\"og:description\" content=\"Komfort, stil och funktionalitet &#8211; allt detta kommer att erbjudas av bambuunderkl\u00e4der f\u00f6r m\u00e4n. Modellen Stander \u00e4r till f\u00f6r herrar som uppskattar praktiska l\u00f6sningar. Figursydda boxershorts garanterar en fullst\u00e4ndig frihetsk\u00e4nsla och passar bra med olika delar av garderob. Bambuunderkl\u00e4der \u00e4r en h\u00e4lsosam g\u00e5va till din hud: den andas perfekt, v\u00e4l transporterar bort fukt och f\u00f6rhindrar [&hellip;]\" \/>\n<meta property=\"og:url\" content=\"https:\/\/helpstander.eu\/shop\/sv\/produkt\/bambuunderklader-for-man-stander\/\" \/>\n<meta property=\"og:site_name\" content=\"Stander\" \/>\n<meta property=\"og:image\" content=\"https:\/\/helpstander.eu\/shop\/wp-content\/uploads\/2022\/12\/bielizna_meska_bambusowa_stander_szara_1.jpg\" \/>\n\t<meta property=\"og:image:width\" content=\"1000\" \/>\n\t<meta property=\"og:image:height\" content=\"1000\" \/>\n\t<meta property=\"og:image:type\" content=\"image\/jpeg\" \/>\n<meta name=\"twitter:card\" content=\"summary_large_image\" \/>\n<meta name=\"twitter:label1\" content=\"Ber\u00e4knad l\u00e4stid\" \/>\n\t<meta name=\"twitter:data1\" content=\"1 minut\" \/>\n<script type=\"application\/ld+json\" class=\"yoast-schema-graph\">{\"@context\":\"https:\/\/schema.org\",\"@graph\":[{\"@type\":\"WebPage\",\"@id\":\"https:\/\/helpstander.eu\/shop\/sv\/produkt\/bambuunderklader-for-man-stander\/\",\"url\":\"https:\/\/helpstander.eu\/shop\/sv\/produkt\/bambuunderklader-for-man-stander\/\",\"name\":\"Bambuunderkl\u00e4der f\u00f6r m\u00e4n Stander - Stander\",\"isPartOf\":{\"@id\":\"https:\/\/helpstander.eu\/shop\/sv\/#website\"},\"primaryImageOfPage\":{\"@id\":\"https:\/\/helpstander.eu\/shop\/sv\/produkt\/bambuunderklader-for-man-stander\/#primaryimage\"},\"image\":{\"@id\":\"https:\/\/helpstander.eu\/shop\/sv\/produkt\/bambuunderklader-for-man-stander\/#primaryimage\"},\"thumbnailUrl\":\"https:\/\/helpstander.eu\/shop\/wp-content\/uploads\/2022\/12\/bielizna_meska_bambusowa_stander_szara_1.jpg\",\"datePublished\":\"2022-10-17T07:26:20+00:00\",\"breadcrumb\":{\"@id\":\"https:\/\/helpstander.eu\/shop\/sv\/produkt\/bambuunderklader-for-man-stander\/#breadcrumb\"},\"inLanguage\":\"sv-SE\",\"potentialAction\":[{\"@type\":\"ReadAction\",\"target\":[\"https:\/\/helpstander.eu\/shop\/sv\/produkt\/bambuunderklader-for-man-stander\/\"]}]},{\"@type\":\"ImageObject\",\"inLanguage\":\"sv-SE\",\"@id\":\"https:\/\/helpstander.eu\/shop\/sv\/produkt\/bambuunderklader-for-man-stander\/#primaryimage\",\"url\":\"https:\/\/helpstander.eu\/shop\/wp-content\/uploads\/2022\/12\/bielizna_meska_bambusowa_stander_szara_1.jpg\",\"contentUrl\":\"https:\/\/helpstander.eu\/shop\/wp-content\/uploads\/2022\/12\/bielizna_meska_bambusowa_stander_szara_1.jpg\",\"width\":1000,\"height\":1000},{\"@type\":\"BreadcrumbList\",\"@id\":\"https:\/\/helpstander.eu\/shop\/sv\/produkt\/bambuunderklader-for-man-stander\/#breadcrumb\",\"itemListElement\":[{\"@type\":\"ListItem\",\"position\":1,\"name\":\"Strona g\u0142\u00f3wna\",\"item\":\"https:\/\/helpstander.eu\/shop\/sv\/sklep\/\"},{\"@type\":\"ListItem\",\"position\":2,\"name\":\"Sklep\",\"item\":\"https:\/\/helpstander.eu\/shop\/sklep\/\"},{\"@type\":\"ListItem\",\"position\":3,\"name\":\"Bambuunderkl\u00e4der f\u00f6r m\u00e4n Stander\"}]},{\"@type\":\"WebSite\",\"@id\":\"https:\/\/helpstander.eu\/shop\/sv\/#website\",\"url\":\"https:\/\/helpstander.eu\/shop\/sv\/\",\"name\":\"Stander\",\"description\":\"Ekologicznie!\",\"potentialAction\":[{\"@type\":\"SearchAction\",\"target\":{\"@type\":\"EntryPoint\",\"urlTemplate\":\"https:\/\/helpstander.eu\/shop\/sv\/?s={search_term_string}\"},\"query-input\":{\"@type\":\"PropertyValueSpecification\",\"valueRequired\":true,\"valueName\":\"search_term_string\"}}],\"inLanguage\":\"sv-SE\"}]}<\/script>\n<!-- \/ Yoast SEO plugin. -->","yoast_head_json":{"title":"Bambuunderkl\u00e4der f\u00f6r m\u00e4n Stander - Stander","robots":{"index":"index","follow":"follow","max-snippet":"max-snippet:-1","max-image-preview":"max-image-preview:large","max-video-preview":"max-video-preview:-1"},"canonical":"https:\/\/helpstander.eu\/shop\/sv\/produkt\/bambuunderklader-for-man-stander\/","og_locale":"sv_SE","og_type":"article","og_title":"Bambuunderkl\u00e4der f\u00f6r m\u00e4n Stander - Stander","og_description":"Komfort, stil och funktionalitet &#8211; allt detta kommer att erbjudas av bambuunderkl\u00e4der f\u00f6r m\u00e4n. Modellen Stander \u00e4r till f\u00f6r herrar som uppskattar praktiska l\u00f6sningar. Figursydda boxershorts garanterar en fullst\u00e4ndig frihetsk\u00e4nsla och passar bra med olika delar av garderob. Bambuunderkl\u00e4der \u00e4r en h\u00e4lsosam g\u00e5va till din hud: den andas perfekt, v\u00e4l transporterar bort fukt och f\u00f6rhindrar [&hellip;]","og_url":"https:\/\/helpstander.eu\/shop\/sv\/produkt\/bambuunderklader-for-man-stander\/","og_site_name":"Stander","og_image":[{"width":1000,"height":1000,"url":"https:\/\/helpstander.eu\/shop\/wp-content\/uploads\/2022\/12\/bielizna_meska_bambusowa_stander_szara_1.jpg","type":"image\/jpeg"}],"twitter_card":"summary_large_image","twitter_misc":{"Ber\u00e4knad l\u00e4stid":"1 minut"},"schema":{"@context":"https:\/\/schema.org","@graph":[{"@type":"WebPage","@id":"https:\/\/helpstander.eu\/shop\/sv\/produkt\/bambuunderklader-for-man-stander\/","url":"https:\/\/helpstander.eu\/shop\/sv\/produkt\/bambuunderklader-for-man-stander\/","name":"Bambuunderkl\u00e4der f\u00f6r m\u00e4n Stander - Stander","isPartOf":{"@id":"https:\/\/helpstander.eu\/shop\/sv\/#website"},"primaryImageOfPage":{"@id":"https:\/\/helpstander.eu\/shop\/sv\/produkt\/bambuunderklader-for-man-stander\/#primaryimage"},"image":{"@id":"https:\/\/helpstander.eu\/shop\/sv\/produkt\/bambuunderklader-for-man-stander\/#primaryimage"},"thumbnailUrl":"https:\/\/helpstander.eu\/shop\/wp-content\/uploads\/2022\/12\/bielizna_meska_bambusowa_stander_szara_1.jpg","datePublished":"2022-10-17T07:26:20+00:00","breadcrumb":{"@id":"https:\/\/helpstander.eu\/shop\/sv\/produkt\/bambuunderklader-for-man-stander\/#breadcrumb"},"inLanguage":"sv-SE","potentialAction":[{"@type":"ReadAction","target":["https:\/\/helpstander.eu\/shop\/sv\/produkt\/bambuunderklader-for-man-stander\/"]}]},{"@type":"ImageObject","inLanguage":"sv-SE","@id":"https:\/\/helpstander.eu\/shop\/sv\/produkt\/bambuunderklader-for-man-stander\/#primaryimage","url":"https:\/\/helpstander.eu\/shop\/wp-content\/uploads\/2022\/12\/bielizna_meska_bambusowa_stander_szara_1.jpg","contentUrl":"https:\/\/helpstander.eu\/shop\/wp-content\/uploads\/2022\/12\/bielizna_meska_bambusowa_stander_szara_1.jpg","width":1000,"height":1000},{"@type":"BreadcrumbList","@id":"https:\/\/helpstander.eu\/shop\/sv\/produkt\/bambuunderklader-for-man-stander\/#breadcrumb","itemListElement":[{"@type":"ListItem","position":1,"name":"Strona g\u0142\u00f3wna","item":"https:\/\/helpstander.eu\/shop\/sv\/sklep\/"},{"@type":"ListItem","position":2,"name":"Sklep","item":"https:\/\/helpstander.eu\/shop\/sklep\/"},{"@type":"ListItem","position":3,"name":"Bambuunderkl\u00e4der f\u00f6r m\u00e4n Stander"}]},{"@type":"WebSite","@id":"https:\/\/helpstander.eu\/shop\/sv\/#website","url":"https:\/\/helpstander.eu\/shop\/sv\/","name":"Stander","description":"Ekologicznie!","potentialAction":[{"@type":"SearchAction","target":{"@type":"EntryPoint","urlTemplate":"https:\/\/helpstander.eu\/shop\/sv\/?s={search_term_string}"},"query-input":{"@type":"PropertyValueSpecification","valueRequired":true,"valueName":"search_term_string"}}],"inLanguage":"sv-SE"}]}},"_links":{"self":[{"href":"https:\/\/helpstander.eu\/shop\/sv\/wp-json\/wp\/v2\/product\/5092","targetHints":{"allow":["GET"]}}],"collection":[{"href":"https:\/\/helpstander.eu\/shop\/sv\/wp-json\/wp\/v2\/product"}],"about":[{"href":"https:\/\/helpstander.eu\/shop\/sv\/wp-json\/wp\/v2\/types\/product"}],"replies":[{"embeddable":true,"href":"https:\/\/helpstander.eu\/shop\/sv\/wp-json\/wp\/v2\/comments?post=5092"}],"wp:featuredmedia":[{"embeddable":true,"href":"https:\/\/helpstander.eu\/shop\/sv\/wp-json\/wp\/v2\/media\/5093"}],"wp:attachment":[{"href":"https:\/\/helpstander.eu\/shop\/sv\/wp-json\/wp\/v2\/media?parent=5092"}],"wp:term":[{"taxonomy":"product_brand","embeddable":true,"href":"https:\/\/helpstander.eu\/shop\/sv\/wp-json\/wp\/v2\/product_brand?post=5092"},{"taxonomy":"product_cat","embeddable":true,"href":"https:\/\/helpstander.eu\/shop\/sv\/wp-json\/wp\/v2\/product_cat?post=5092"},{"taxonomy":"product_tag","embeddable":true,"href":"https:\/\/helpstander.eu\/shop\/sv\/wp-json\/wp\/v2\/product_tag?post=5092"}],"curies":[{"name":"wp","href":"https:\/\/api.w.org\/{rel}","templated":true}]}}