{"id":3382,"date":"2022-12-16T00:53:44","date_gmt":"2022-12-15T23:53:44","guid":{"rendered":"https:\/\/helpstander.eu\/shop\/produkt\/miesten-puuvillaiset-alusvaatteet-prestige-saumaton-2-parinen\/"},"modified":"2023-03-23T09:57:54","modified_gmt":"2023-03-23T08:57:54","slug":"miesten-puuvillaiset-alusvaatteet-prestige-saumaton-2-parinen","status":"publish","type":"product","link":"https:\/\/helpstander.eu\/shop\/fi\/produkt\/miesten-puuvillaiset-alusvaatteet-prestige-saumaton-2-parinen\/","title":{"rendered":"Miesten puuvillaiset alusvaatteet Prestige saumaton 2-parinen"},"content":{"rendered":"<p><span style=\"font-weight: 400;\">Prestigen saumattomat alushousut valmistetaan nykyaikaisella tekniikalla, joka mahdollistaa leikkauksen, jossa ei ole puristavia reunoja. Unohda ihoa \u00e4rsytt\u00e4v\u00e4t saumat, jotka heijastuvat ihollesi. Prestige -puuvilla-alushousut ovat meid\u00e4n tapamme tehd\u00e4 sinusta mukava.<\/span><\/p>\n<p><span style=\"font-weight: 400;\">Laadukas puuvilla on hengitt\u00e4v\u00e4\u00e4 ja tarjoaa hyv\u00e4n kosteudensiirron ja l\u00e4mm\u00f6ns\u00e4\u00e4telyn. T\u00e4m\u00e4n ansiosta Prestige -alushousut toimivat erinomaisesti kaikkina vuodenaikoina.<\/span><\/p>\n","protected":false},"excerpt":{"rendered":"<p>Prestigen saumattomat alushousut valmistetaan nykyaikaisella tekniikalla, joka mahdollistaa leikkauksen, jossa ei ole puristavia reunoja. Unohda ihoa \u00e4rsytt\u00e4v\u00e4t saumat, jotka heijastuvat ihollesi. Prestige -puuvilla-alushousut ovat meid\u00e4n tapamme tehd\u00e4 sinusta mukava. Laadukas puuvilla on hengitt\u00e4v\u00e4\u00e4 ja tarjoaa hyv\u00e4n kosteudensiirron ja l\u00e4mm\u00f6ns\u00e4\u00e4telyn. T\u00e4m\u00e4n ansiosta Prestige -alushousut toimivat erinomaisesti kaikkina vuodenaikoina.<\/p>\n","protected":false},"featured_media":2239,"comment_status":"open","ping_status":"closed","template":"","meta":[],"product_brand":[],"product_cat":[99],"product_tag":[],"class_list":{"0":"post-3382","1":"product","2":"type-product","3":"status-publish","4":"has-post-thumbnail","6":"product_cat-miesten-alusvaatteet","8":"first","9":"instock","10":"taxable","11":"shipping-taxable","12":"purchasable","13":"product-type-woosg"},"yoast_head":"<!-- This site is optimized with the Yoast SEO plugin v27.1.1 - https:\/\/yoast.com\/product\/yoast-seo-wordpress\/ -->\n<title>Miesten puuvillaiset alusvaatteet Prestige saumaton 2-parinen - Stander<\/title>\n<meta name=\"robots\" content=\"index, follow, max-snippet:-1, max-image-preview:large, max-video-preview:-1\" \/>\n<link rel=\"canonical\" href=\"https:\/\/helpstander.eu\/shop\/fi\/produkt\/miesten-puuvillaiset-alusvaatteet-prestige-saumaton-2-parinen\/\" \/>\n<meta property=\"og:locale\" content=\"fi_FI\" \/>\n<meta property=\"og:type\" content=\"article\" \/>\n<meta property=\"og:title\" content=\"Miesten puuvillaiset alusvaatteet Prestige saumaton 2-parinen - Stander\" \/>\n<meta property=\"og:description\" content=\"Prestigen saumattomat alushousut valmistetaan nykyaikaisella tekniikalla, joka mahdollistaa leikkauksen, jossa ei ole puristavia reunoja. Unohda ihoa \u00e4rsytt\u00e4v\u00e4t saumat, jotka heijastuvat ihollesi. Prestige -puuvilla-alushousut ovat meid\u00e4n tapamme tehd\u00e4 sinusta mukava. Laadukas puuvilla on hengitt\u00e4v\u00e4\u00e4 ja tarjoaa hyv\u00e4n kosteudensiirron ja l\u00e4mm\u00f6ns\u00e4\u00e4telyn. T\u00e4m\u00e4n ansiosta Prestige -alushousut toimivat erinomaisesti kaikkina vuodenaikoina.\" \/>\n<meta property=\"og:url\" content=\"https:\/\/helpstander.eu\/shop\/fi\/produkt\/miesten-puuvillaiset-alusvaatteet-prestige-saumaton-2-parinen\/\" \/>\n<meta property=\"og:site_name\" content=\"Stander\" \/>\n<meta property=\"article:modified_time\" content=\"2023-03-23T08:57:54+00:00\" \/>\n<meta property=\"og:image\" content=\"https:\/\/helpstander.eu\/shop\/wp-content\/uploads\/2022\/12\/Bielizna-meska-bawelniana-Prestige-bezszwowe-2-pary-NIEBIESKI.png\" \/>\n\t<meta property=\"og:image:width\" content=\"1000\" \/>\n\t<meta property=\"og:image:height\" content=\"1000\" \/>\n\t<meta property=\"og:image:type\" content=\"image\/png\" \/>\n<meta name=\"twitter:card\" content=\"summary_large_image\" \/>\n<meta name=\"twitter:label1\" content=\"Arvioitu lukuaika\" \/>\n\t<meta name=\"twitter:data1\" content=\"1 minuutti\" \/>\n<script type=\"application\/ld+json\" class=\"yoast-schema-graph\">{\"@context\":\"https:\/\/schema.org\",\"@graph\":[{\"@type\":\"WebPage\",\"@id\":\"https:\/\/helpstander.eu\/shop\/fi\/produkt\/miesten-puuvillaiset-alusvaatteet-prestige-saumaton-2-parinen\/\",\"url\":\"https:\/\/helpstander.eu\/shop\/fi\/produkt\/miesten-puuvillaiset-alusvaatteet-prestige-saumaton-2-parinen\/\",\"name\":\"Miesten puuvillaiset alusvaatteet Prestige saumaton 2-parinen - Stander\",\"isPartOf\":{\"@id\":\"https:\/\/helpstander.eu\/shop\/fi\/#website\"},\"primaryImageOfPage\":{\"@id\":\"https:\/\/helpstander.eu\/shop\/fi\/produkt\/miesten-puuvillaiset-alusvaatteet-prestige-saumaton-2-parinen\/#primaryimage\"},\"image\":{\"@id\":\"https:\/\/helpstander.eu\/shop\/fi\/produkt\/miesten-puuvillaiset-alusvaatteet-prestige-saumaton-2-parinen\/#primaryimage\"},\"thumbnailUrl\":\"https:\/\/helpstander.eu\/shop\/wp-content\/uploads\/2022\/12\/Bielizna-meska-bawelniana-Prestige-bezszwowe-2-pary-NIEBIESKI.png\",\"datePublished\":\"2022-12-15T23:53:44+00:00\",\"dateModified\":\"2023-03-23T08:57:54+00:00\",\"breadcrumb\":{\"@id\":\"https:\/\/helpstander.eu\/shop\/fi\/produkt\/miesten-puuvillaiset-alusvaatteet-prestige-saumaton-2-parinen\/#breadcrumb\"},\"inLanguage\":\"fi\",\"potentialAction\":[{\"@type\":\"ReadAction\",\"target\":[\"https:\/\/helpstander.eu\/shop\/fi\/produkt\/miesten-puuvillaiset-alusvaatteet-prestige-saumaton-2-parinen\/\"]}]},{\"@type\":\"ImageObject\",\"inLanguage\":\"fi\",\"@id\":\"https:\/\/helpstander.eu\/shop\/fi\/produkt\/miesten-puuvillaiset-alusvaatteet-prestige-saumaton-2-parinen\/#primaryimage\",\"url\":\"https:\/\/helpstander.eu\/shop\/wp-content\/uploads\/2022\/12\/Bielizna-meska-bawelniana-Prestige-bezszwowe-2-pary-NIEBIESKI.png\",\"contentUrl\":\"https:\/\/helpstander.eu\/shop\/wp-content\/uploads\/2022\/12\/Bielizna-meska-bawelniana-Prestige-bezszwowe-2-pary-NIEBIESKI.png\",\"width\":1000,\"height\":1000},{\"@type\":\"BreadcrumbList\",\"@id\":\"https:\/\/helpstander.eu\/shop\/fi\/produkt\/miesten-puuvillaiset-alusvaatteet-prestige-saumaton-2-parinen\/#breadcrumb\",\"itemListElement\":[{\"@type\":\"ListItem\",\"position\":1,\"name\":\"Strona g\u0142\u00f3wna\",\"item\":\"https:\/\/helpstander.eu\/shop\/fi\/\"},{\"@type\":\"ListItem\",\"position\":2,\"name\":\"Shop\",\"item\":\"https:\/\/helpstander.eu\/shop\/fi\/\"},{\"@type\":\"ListItem\",\"position\":3,\"name\":\"Miesten puuvillaiset alusvaatteet Prestige saumaton 2-parinen\"}]},{\"@type\":\"WebSite\",\"@id\":\"https:\/\/helpstander.eu\/shop\/fi\/#website\",\"url\":\"https:\/\/helpstander.eu\/shop\/fi\/\",\"name\":\"Stander\",\"description\":\"Ekologisesti!\",\"potentialAction\":[{\"@type\":\"SearchAction\",\"target\":{\"@type\":\"EntryPoint\",\"urlTemplate\":\"https:\/\/helpstander.eu\/shop\/fi\/?s={search_term_string}\"},\"query-input\":{\"@type\":\"PropertyValueSpecification\",\"valueRequired\":true,\"valueName\":\"search_term_string\"}}],\"inLanguage\":\"fi\"}]}<\/script>\n<!-- \/ Yoast SEO plugin. -->","yoast_head_json":{"title":"Miesten puuvillaiset alusvaatteet Prestige saumaton 2-parinen - Stander","robots":{"index":"index","follow":"follow","max-snippet":"max-snippet:-1","max-image-preview":"max-image-preview:large","max-video-preview":"max-video-preview:-1"},"canonical":"https:\/\/helpstander.eu\/shop\/fi\/produkt\/miesten-puuvillaiset-alusvaatteet-prestige-saumaton-2-parinen\/","og_locale":"fi_FI","og_type":"article","og_title":"Miesten puuvillaiset alusvaatteet Prestige saumaton 2-parinen - Stander","og_description":"Prestigen saumattomat alushousut valmistetaan nykyaikaisella tekniikalla, joka mahdollistaa leikkauksen, jossa ei ole puristavia reunoja. Unohda ihoa \u00e4rsytt\u00e4v\u00e4t saumat, jotka heijastuvat ihollesi. Prestige -puuvilla-alushousut ovat meid\u00e4n tapamme tehd\u00e4 sinusta mukava. Laadukas puuvilla on hengitt\u00e4v\u00e4\u00e4 ja tarjoaa hyv\u00e4n kosteudensiirron ja l\u00e4mm\u00f6ns\u00e4\u00e4telyn. T\u00e4m\u00e4n ansiosta Prestige -alushousut toimivat erinomaisesti kaikkina vuodenaikoina.","og_url":"https:\/\/helpstander.eu\/shop\/fi\/produkt\/miesten-puuvillaiset-alusvaatteet-prestige-saumaton-2-parinen\/","og_site_name":"Stander","article_modified_time":"2023-03-23T08:57:54+00:00","og_image":[{"width":1000,"height":1000,"url":"https:\/\/helpstander.eu\/shop\/wp-content\/uploads\/2022\/12\/Bielizna-meska-bawelniana-Prestige-bezszwowe-2-pary-NIEBIESKI.png","type":"image\/png"}],"twitter_card":"summary_large_image","twitter_misc":{"Arvioitu lukuaika":"1 minuutti"},"schema":{"@context":"https:\/\/schema.org","@graph":[{"@type":"WebPage","@id":"https:\/\/helpstander.eu\/shop\/fi\/produkt\/miesten-puuvillaiset-alusvaatteet-prestige-saumaton-2-parinen\/","url":"https:\/\/helpstander.eu\/shop\/fi\/produkt\/miesten-puuvillaiset-alusvaatteet-prestige-saumaton-2-parinen\/","name":"Miesten puuvillaiset alusvaatteet Prestige saumaton 2-parinen - Stander","isPartOf":{"@id":"https:\/\/helpstander.eu\/shop\/fi\/#website"},"primaryImageOfPage":{"@id":"https:\/\/helpstander.eu\/shop\/fi\/produkt\/miesten-puuvillaiset-alusvaatteet-prestige-saumaton-2-parinen\/#primaryimage"},"image":{"@id":"https:\/\/helpstander.eu\/shop\/fi\/produkt\/miesten-puuvillaiset-alusvaatteet-prestige-saumaton-2-parinen\/#primaryimage"},"thumbnailUrl":"https:\/\/helpstander.eu\/shop\/wp-content\/uploads\/2022\/12\/Bielizna-meska-bawelniana-Prestige-bezszwowe-2-pary-NIEBIESKI.png","datePublished":"2022-12-15T23:53:44+00:00","dateModified":"2023-03-23T08:57:54+00:00","breadcrumb":{"@id":"https:\/\/helpstander.eu\/shop\/fi\/produkt\/miesten-puuvillaiset-alusvaatteet-prestige-saumaton-2-parinen\/#breadcrumb"},"inLanguage":"fi","potentialAction":[{"@type":"ReadAction","target":["https:\/\/helpstander.eu\/shop\/fi\/produkt\/miesten-puuvillaiset-alusvaatteet-prestige-saumaton-2-parinen\/"]}]},{"@type":"ImageObject","inLanguage":"fi","@id":"https:\/\/helpstander.eu\/shop\/fi\/produkt\/miesten-puuvillaiset-alusvaatteet-prestige-saumaton-2-parinen\/#primaryimage","url":"https:\/\/helpstander.eu\/shop\/wp-content\/uploads\/2022\/12\/Bielizna-meska-bawelniana-Prestige-bezszwowe-2-pary-NIEBIESKI.png","contentUrl":"https:\/\/helpstander.eu\/shop\/wp-content\/uploads\/2022\/12\/Bielizna-meska-bawelniana-Prestige-bezszwowe-2-pary-NIEBIESKI.png","width":1000,"height":1000},{"@type":"BreadcrumbList","@id":"https:\/\/helpstander.eu\/shop\/fi\/produkt\/miesten-puuvillaiset-alusvaatteet-prestige-saumaton-2-parinen\/#breadcrumb","itemListElement":[{"@type":"ListItem","position":1,"name":"Strona g\u0142\u00f3wna","item":"https:\/\/helpstander.eu\/shop\/fi\/"},{"@type":"ListItem","position":2,"name":"Shop","item":"https:\/\/helpstander.eu\/shop\/fi\/"},{"@type":"ListItem","position":3,"name":"Miesten puuvillaiset alusvaatteet Prestige saumaton 2-parinen"}]},{"@type":"WebSite","@id":"https:\/\/helpstander.eu\/shop\/fi\/#website","url":"https:\/\/helpstander.eu\/shop\/fi\/","name":"Stander","description":"Ekologisesti!","potentialAction":[{"@type":"SearchAction","target":{"@type":"EntryPoint","urlTemplate":"https:\/\/helpstander.eu\/shop\/fi\/?s={search_term_string}"},"query-input":{"@type":"PropertyValueSpecification","valueRequired":true,"valueName":"search_term_string"}}],"inLanguage":"fi"}]}},"_links":{"self":[{"href":"https:\/\/helpstander.eu\/shop\/fi\/wp-json\/wp\/v2\/product\/3382","targetHints":{"allow":["GET"]}}],"collection":[{"href":"https:\/\/helpstander.eu\/shop\/fi\/wp-json\/wp\/v2\/product"}],"about":[{"href":"https:\/\/helpstander.eu\/shop\/fi\/wp-json\/wp\/v2\/types\/product"}],"replies":[{"embeddable":true,"href":"https:\/\/helpstander.eu\/shop\/fi\/wp-json\/wp\/v2\/comments?post=3382"}],"wp:featuredmedia":[{"embeddable":true,"href":"https:\/\/helpstander.eu\/shop\/fi\/wp-json\/wp\/v2\/media\/2239"}],"wp:attachment":[{"href":"https:\/\/helpstander.eu\/shop\/fi\/wp-json\/wp\/v2\/media?parent=3382"}],"wp:term":[{"taxonomy":"product_brand","embeddable":true,"href":"https:\/\/helpstander.eu\/shop\/fi\/wp-json\/wp\/v2\/product_brand?post=3382"},{"taxonomy":"product_cat","embeddable":true,"href":"https:\/\/helpstander.eu\/shop\/fi\/wp-json\/wp\/v2\/product_cat?post=3382"},{"taxonomy":"product_tag","embeddable":true,"href":"https:\/\/helpstander.eu\/shop\/fi\/wp-json\/wp\/v2\/product_tag?post=3382"}],"curies":[{"name":"wp","href":"https:\/\/api.w.org\/{rel}","templated":true}]}}