{"id":3381,"date":"2022-12-16T00:53:44","date_gmt":"2022-12-15T23:53:44","guid":{"rendered":"https:\/\/helpstander.eu\/shop\/produkt\/panske-bavlnene-spodni-pradlo-prestige-bezesve-2-pary\/"},"modified":"2023-03-30T09:54:45","modified_gmt":"2023-03-30T07:54:45","slug":"panske-bavlnene-spodni-pradlo-prestige-bezesve-2-pary","status":"publish","type":"product","link":"https:\/\/helpstander.eu\/shop\/cs\/produkt\/panske-bavlnene-spodni-pradlo-prestige-bezesve-2-pary\/","title":{"rendered":"P\u00e1nsk\u00e9 bavln\u011bn\u00e9 spodn\u00ed pr\u00e1dlo Prestige beze\u0161v\u00e9 2 p\u00e1ry"},"content":{"rendered":"<p><span style=\"font-weight: 400;\">Beze\u0161v\u00e9 spodn\u00ed pr\u00e1dlo Prestige je vyrobeno modern\u00ed technologi\u00ed, kter\u00e1 umo\u017e\u0148uje st\u0159ih bez za\u0159ez\u00e1vaj\u00edc\u00edch se okraj\u016f. Zapome\u0148te na dr\u00e1\u017ediv\u00e9 \u0161vy, kter\u00e9 zanech\u00e1vaj\u00ed stopy na poko\u017ece. Bavln\u011bn\u00e9 spodn\u00ed pr\u00e1dlo Prestige je na\u0161\u00edm \u0159e\u0161en\u00edm, jak zajistit Va\u0161e pohodl\u00ed.<\/span><\/p>\n<p><span style=\"font-weight: 400;\">Kvalitn\u00ed bavlna zajist\u00ed Vva\u0161\u00ed poko\u017ece p\u0159\u00edstup vzduchu, dobr\u00e9 odv\u00e1d\u011bn\u00ed vlhkosti a termoregulaci. D\u00edky tomu se spodn\u00ed pr\u00e1dlo zna\u010dky Prestige osv\u011bd\u010d\u00ed ve v\u0161ech ro\u010dn\u00edch obdob\u00edch.<\/span><\/p>\n","protected":false},"excerpt":{"rendered":"<p>Beze\u0161v\u00e9 spodn\u00ed pr\u00e1dlo Prestige je vyrobeno modern\u00ed technologi\u00ed, kter\u00e1 umo\u017e\u0148uje st\u0159ih bez za\u0159ez\u00e1vaj\u00edc\u00edch se okraj\u016f. Zapome\u0148te na dr\u00e1\u017ediv\u00e9 \u0161vy, kter\u00e9 zanech\u00e1vaj\u00ed stopy na poko\u017ece. Bavln\u011bn\u00e9 spodn\u00ed pr\u00e1dlo Prestige je na\u0161\u00edm \u0159e\u0161en\u00edm, jak zajistit Va\u0161e pohodl\u00ed. Kvalitn\u00ed bavlna zajist\u00ed Vva\u0161\u00ed poko\u017ece p\u0159\u00edstup vzduchu, dobr\u00e9 odv\u00e1d\u011bn\u00ed vlhkosti a termoregulaci. D\u00edky tomu se spodn\u00ed pr\u00e1dlo zna\u010dky Prestige osv\u011bd\u010d\u00ed [&hellip;]<\/p>\n","protected":false},"featured_media":2238,"comment_status":"open","ping_status":"closed","template":"","meta":[],"product_brand":[],"product_cat":[80],"product_tag":[],"class_list":{"0":"post-3381","1":"product","2":"type-product","3":"status-publish","4":"has-post-thumbnail","6":"product_cat-panske-spodni-pradlo","8":"first","9":"instock","10":"taxable","11":"shipping-taxable","12":"purchasable","13":"product-type-woosg"},"yoast_head":"<!-- This site is optimized with the Yoast SEO plugin v27.1.1 - https:\/\/yoast.com\/product\/yoast-seo-wordpress\/ -->\n<title>P\u00e1nsk\u00e9 bavln\u011bn\u00e9 spodn\u00ed pr\u00e1dlo Prestige beze\u0161v\u00e9 2 p\u00e1ry - Stander<\/title>\n<meta name=\"robots\" content=\"index, follow, max-snippet:-1, max-image-preview:large, max-video-preview:-1\" \/>\n<link rel=\"canonical\" href=\"https:\/\/helpstander.eu\/shop\/cs\/produkt\/panske-bavlnene-spodni-pradlo-prestige-bezesve-2-pary\/\" \/>\n<meta property=\"og:locale\" content=\"cs_CZ\" \/>\n<meta property=\"og:type\" content=\"article\" \/>\n<meta property=\"og:title\" content=\"P\u00e1nsk\u00e9 bavln\u011bn\u00e9 spodn\u00ed pr\u00e1dlo Prestige beze\u0161v\u00e9 2 p\u00e1ry - Stander\" \/>\n<meta property=\"og:description\" content=\"Beze\u0161v\u00e9 spodn\u00ed pr\u00e1dlo Prestige je vyrobeno modern\u00ed technologi\u00ed, kter\u00e1 umo\u017e\u0148uje st\u0159ih bez za\u0159ez\u00e1vaj\u00edc\u00edch se okraj\u016f. Zapome\u0148te na dr\u00e1\u017ediv\u00e9 \u0161vy, kter\u00e9 zanech\u00e1vaj\u00ed stopy na poko\u017ece. Bavln\u011bn\u00e9 spodn\u00ed pr\u00e1dlo Prestige je na\u0161\u00edm \u0159e\u0161en\u00edm, jak zajistit Va\u0161e pohodl\u00ed. Kvalitn\u00ed bavlna zajist\u00ed Vva\u0161\u00ed poko\u017ece p\u0159\u00edstup vzduchu, dobr\u00e9 odv\u00e1d\u011bn\u00ed vlhkosti a termoregulaci. D\u00edky tomu se spodn\u00ed pr\u00e1dlo zna\u010dky Prestige osv\u011bd\u010d\u00ed [&hellip;]\" \/>\n<meta property=\"og:url\" content=\"https:\/\/helpstander.eu\/shop\/cs\/produkt\/panske-bavlnene-spodni-pradlo-prestige-bezesve-2-pary\/\" \/>\n<meta property=\"og:site_name\" content=\"Stander\" \/>\n<meta property=\"article:modified_time\" content=\"2023-03-30T07:54:45+00:00\" \/>\n<meta property=\"og:image\" content=\"https:\/\/helpstander.eu\/shop\/wp-content\/uploads\/2022\/12\/Bielizna-meska-bawelniana-Prestige-bezszwowe-2-pary-NIEBIESKI.png\" \/>\n\t<meta property=\"og:image:width\" content=\"1000\" \/>\n\t<meta property=\"og:image:height\" content=\"1000\" \/>\n\t<meta property=\"og:image:type\" content=\"image\/png\" \/>\n<meta name=\"twitter:card\" content=\"summary_large_image\" \/>\n<meta name=\"twitter:label1\" content=\"Odhadovan\u00e1 doba \u010dten\u00ed\" \/>\n\t<meta name=\"twitter:data1\" content=\"1 minuta\" \/>\n<script type=\"application\/ld+json\" class=\"yoast-schema-graph\">{\"@context\":\"https:\/\/schema.org\",\"@graph\":[{\"@type\":\"WebPage\",\"@id\":\"https:\/\/helpstander.eu\/shop\/cs\/produkt\/panske-bavlnene-spodni-pradlo-prestige-bezesve-2-pary\/\",\"url\":\"https:\/\/helpstander.eu\/shop\/cs\/produkt\/panske-bavlnene-spodni-pradlo-prestige-bezesve-2-pary\/\",\"name\":\"P\u00e1nsk\u00e9 bavln\u011bn\u00e9 spodn\u00ed pr\u00e1dlo Prestige beze\u0161v\u00e9 2 p\u00e1ry - Stander\",\"isPartOf\":{\"@id\":\"https:\/\/helpstander.eu\/shop\/cs\/#website\"},\"primaryImageOfPage\":{\"@id\":\"https:\/\/helpstander.eu\/shop\/cs\/produkt\/panske-bavlnene-spodni-pradlo-prestige-bezesve-2-pary\/#primaryimage\"},\"image\":{\"@id\":\"https:\/\/helpstander.eu\/shop\/cs\/produkt\/panske-bavlnene-spodni-pradlo-prestige-bezesve-2-pary\/#primaryimage\"},\"thumbnailUrl\":\"https:\/\/helpstander.eu\/shop\/wp-content\/uploads\/2022\/12\/Bielizna-meska-bawelniana-Prestige-bezszwowe-2-pary-NIEBIESKI.png\",\"datePublished\":\"2022-12-15T23:53:44+00:00\",\"dateModified\":\"2023-03-30T07:54:45+00:00\",\"breadcrumb\":{\"@id\":\"https:\/\/helpstander.eu\/shop\/cs\/produkt\/panske-bavlnene-spodni-pradlo-prestige-bezesve-2-pary\/#breadcrumb\"},\"inLanguage\":\"cs\",\"potentialAction\":[{\"@type\":\"ReadAction\",\"target\":[\"https:\/\/helpstander.eu\/shop\/cs\/produkt\/panske-bavlnene-spodni-pradlo-prestige-bezesve-2-pary\/\"]}]},{\"@type\":\"ImageObject\",\"inLanguage\":\"cs\",\"@id\":\"https:\/\/helpstander.eu\/shop\/cs\/produkt\/panske-bavlnene-spodni-pradlo-prestige-bezesve-2-pary\/#primaryimage\",\"url\":\"https:\/\/helpstander.eu\/shop\/wp-content\/uploads\/2022\/12\/Bielizna-meska-bawelniana-Prestige-bezszwowe-2-pary-NIEBIESKI.png\",\"contentUrl\":\"https:\/\/helpstander.eu\/shop\/wp-content\/uploads\/2022\/12\/Bielizna-meska-bawelniana-Prestige-bezszwowe-2-pary-NIEBIESKI.png\",\"width\":1000,\"height\":1000},{\"@type\":\"BreadcrumbList\",\"@id\":\"https:\/\/helpstander.eu\/shop\/cs\/produkt\/panske-bavlnene-spodni-pradlo-prestige-bezesve-2-pary\/#breadcrumb\",\"itemListElement\":[{\"@type\":\"ListItem\",\"position\":1,\"name\":\"Strona g\u0142\u00f3wna\",\"item\":\"https:\/\/helpstander.eu\/shop\/cs\/\"},{\"@type\":\"ListItem\",\"position\":2,\"name\":\"Obchod\",\"item\":\"https:\/\/helpstander.eu\/shop\/cs\/\"},{\"@type\":\"ListItem\",\"position\":3,\"name\":\"P\u00e1nsk\u00e9 bavln\u011bn\u00e9 spodn\u00ed pr\u00e1dlo Prestige beze\u0161v\u00e9 2 p\u00e1ry\"}]},{\"@type\":\"WebSite\",\"@id\":\"https:\/\/helpstander.eu\/shop\/cs\/#website\",\"url\":\"https:\/\/helpstander.eu\/shop\/cs\/\",\"name\":\"Stander\",\"description\":\"Ekologick\u00e9!\",\"potentialAction\":[{\"@type\":\"SearchAction\",\"target\":{\"@type\":\"EntryPoint\",\"urlTemplate\":\"https:\/\/helpstander.eu\/shop\/cs\/?s={search_term_string}\"},\"query-input\":{\"@type\":\"PropertyValueSpecification\",\"valueRequired\":true,\"valueName\":\"search_term_string\"}}],\"inLanguage\":\"cs\"}]}<\/script>\n<!-- \/ Yoast SEO plugin. -->","yoast_head_json":{"title":"P\u00e1nsk\u00e9 bavln\u011bn\u00e9 spodn\u00ed pr\u00e1dlo Prestige beze\u0161v\u00e9 2 p\u00e1ry - Stander","robots":{"index":"index","follow":"follow","max-snippet":"max-snippet:-1","max-image-preview":"max-image-preview:large","max-video-preview":"max-video-preview:-1"},"canonical":"https:\/\/helpstander.eu\/shop\/cs\/produkt\/panske-bavlnene-spodni-pradlo-prestige-bezesve-2-pary\/","og_locale":"cs_CZ","og_type":"article","og_title":"P\u00e1nsk\u00e9 bavln\u011bn\u00e9 spodn\u00ed pr\u00e1dlo Prestige beze\u0161v\u00e9 2 p\u00e1ry - Stander","og_description":"Beze\u0161v\u00e9 spodn\u00ed pr\u00e1dlo Prestige je vyrobeno modern\u00ed technologi\u00ed, kter\u00e1 umo\u017e\u0148uje st\u0159ih bez za\u0159ez\u00e1vaj\u00edc\u00edch se okraj\u016f. Zapome\u0148te na dr\u00e1\u017ediv\u00e9 \u0161vy, kter\u00e9 zanech\u00e1vaj\u00ed stopy na poko\u017ece. Bavln\u011bn\u00e9 spodn\u00ed pr\u00e1dlo Prestige je na\u0161\u00edm \u0159e\u0161en\u00edm, jak zajistit Va\u0161e pohodl\u00ed. Kvalitn\u00ed bavlna zajist\u00ed Vva\u0161\u00ed poko\u017ece p\u0159\u00edstup vzduchu, dobr\u00e9 odv\u00e1d\u011bn\u00ed vlhkosti a termoregulaci. D\u00edky tomu se spodn\u00ed pr\u00e1dlo zna\u010dky Prestige osv\u011bd\u010d\u00ed [&hellip;]","og_url":"https:\/\/helpstander.eu\/shop\/cs\/produkt\/panske-bavlnene-spodni-pradlo-prestige-bezesve-2-pary\/","og_site_name":"Stander","article_modified_time":"2023-03-30T07:54:45+00:00","og_image":[{"width":1000,"height":1000,"url":"https:\/\/helpstander.eu\/shop\/wp-content\/uploads\/2022\/12\/Bielizna-meska-bawelniana-Prestige-bezszwowe-2-pary-NIEBIESKI.png","type":"image\/png"}],"twitter_card":"summary_large_image","twitter_misc":{"Odhadovan\u00e1 doba \u010dten\u00ed":"1 minuta"},"schema":{"@context":"https:\/\/schema.org","@graph":[{"@type":"WebPage","@id":"https:\/\/helpstander.eu\/shop\/cs\/produkt\/panske-bavlnene-spodni-pradlo-prestige-bezesve-2-pary\/","url":"https:\/\/helpstander.eu\/shop\/cs\/produkt\/panske-bavlnene-spodni-pradlo-prestige-bezesve-2-pary\/","name":"P\u00e1nsk\u00e9 bavln\u011bn\u00e9 spodn\u00ed pr\u00e1dlo Prestige beze\u0161v\u00e9 2 p\u00e1ry - Stander","isPartOf":{"@id":"https:\/\/helpstander.eu\/shop\/cs\/#website"},"primaryImageOfPage":{"@id":"https:\/\/helpstander.eu\/shop\/cs\/produkt\/panske-bavlnene-spodni-pradlo-prestige-bezesve-2-pary\/#primaryimage"},"image":{"@id":"https:\/\/helpstander.eu\/shop\/cs\/produkt\/panske-bavlnene-spodni-pradlo-prestige-bezesve-2-pary\/#primaryimage"},"thumbnailUrl":"https:\/\/helpstander.eu\/shop\/wp-content\/uploads\/2022\/12\/Bielizna-meska-bawelniana-Prestige-bezszwowe-2-pary-NIEBIESKI.png","datePublished":"2022-12-15T23:53:44+00:00","dateModified":"2023-03-30T07:54:45+00:00","breadcrumb":{"@id":"https:\/\/helpstander.eu\/shop\/cs\/produkt\/panske-bavlnene-spodni-pradlo-prestige-bezesve-2-pary\/#breadcrumb"},"inLanguage":"cs","potentialAction":[{"@type":"ReadAction","target":["https:\/\/helpstander.eu\/shop\/cs\/produkt\/panske-bavlnene-spodni-pradlo-prestige-bezesve-2-pary\/"]}]},{"@type":"ImageObject","inLanguage":"cs","@id":"https:\/\/helpstander.eu\/shop\/cs\/produkt\/panske-bavlnene-spodni-pradlo-prestige-bezesve-2-pary\/#primaryimage","url":"https:\/\/helpstander.eu\/shop\/wp-content\/uploads\/2022\/12\/Bielizna-meska-bawelniana-Prestige-bezszwowe-2-pary-NIEBIESKI.png","contentUrl":"https:\/\/helpstander.eu\/shop\/wp-content\/uploads\/2022\/12\/Bielizna-meska-bawelniana-Prestige-bezszwowe-2-pary-NIEBIESKI.png","width":1000,"height":1000},{"@type":"BreadcrumbList","@id":"https:\/\/helpstander.eu\/shop\/cs\/produkt\/panske-bavlnene-spodni-pradlo-prestige-bezesve-2-pary\/#breadcrumb","itemListElement":[{"@type":"ListItem","position":1,"name":"Strona g\u0142\u00f3wna","item":"https:\/\/helpstander.eu\/shop\/cs\/"},{"@type":"ListItem","position":2,"name":"Obchod","item":"https:\/\/helpstander.eu\/shop\/cs\/"},{"@type":"ListItem","position":3,"name":"P\u00e1nsk\u00e9 bavln\u011bn\u00e9 spodn\u00ed pr\u00e1dlo Prestige beze\u0161v\u00e9 2 p\u00e1ry"}]},{"@type":"WebSite","@id":"https:\/\/helpstander.eu\/shop\/cs\/#website","url":"https:\/\/helpstander.eu\/shop\/cs\/","name":"Stander","description":"Ekologick\u00e9!","potentialAction":[{"@type":"SearchAction","target":{"@type":"EntryPoint","urlTemplate":"https:\/\/helpstander.eu\/shop\/cs\/?s={search_term_string}"},"query-input":{"@type":"PropertyValueSpecification","valueRequired":true,"valueName":"search_term_string"}}],"inLanguage":"cs"}]}},"_links":{"self":[{"href":"https:\/\/helpstander.eu\/shop\/cs\/wp-json\/wp\/v2\/product\/3381","targetHints":{"allow":["GET"]}}],"collection":[{"href":"https:\/\/helpstander.eu\/shop\/cs\/wp-json\/wp\/v2\/product"}],"about":[{"href":"https:\/\/helpstander.eu\/shop\/cs\/wp-json\/wp\/v2\/types\/product"}],"replies":[{"embeddable":true,"href":"https:\/\/helpstander.eu\/shop\/cs\/wp-json\/wp\/v2\/comments?post=3381"}],"wp:featuredmedia":[{"embeddable":true,"href":"https:\/\/helpstander.eu\/shop\/cs\/wp-json\/wp\/v2\/media\/2238"}],"wp:attachment":[{"href":"https:\/\/helpstander.eu\/shop\/cs\/wp-json\/wp\/v2\/media?parent=3381"}],"wp:term":[{"taxonomy":"product_brand","embeddable":true,"href":"https:\/\/helpstander.eu\/shop\/cs\/wp-json\/wp\/v2\/product_brand?post=3381"},{"taxonomy":"product_cat","embeddable":true,"href":"https:\/\/helpstander.eu\/shop\/cs\/wp-json\/wp\/v2\/product_cat?post=3381"},{"taxonomy":"product_tag","embeddable":true,"href":"https:\/\/helpstander.eu\/shop\/cs\/wp-json\/wp\/v2\/product_tag?post=3381"}],"curies":[{"name":"wp","href":"https:\/\/api.w.org\/{rel}","templated":true}]}}